{"id":597,"date":"2025-08-21T10:16:37","date_gmt":"2025-08-21T08:16:37","guid":{"rendered":"https:\/\/shop.pixelesagencia.com\/?page_id=597"},"modified":"2025-08-22T14:46:20","modified_gmt":"2025-08-22T12:46:20","slug":"politica-de-pci-dss","status":"publish","type":"page","link":"https:\/\/shop.pixelesagencia.com\/en\/politica-de-pci-dss\/","title":{"rendered":"Pol\u00edtica de PCI DSS"},"content":{"rendered":"<p>[et_pb_section fb_built=\u00bb1&#8243; _builder_version=\u00bb4.24.0&#8243; _module_preset=\u00bbdefault\u00bb locked=\u00bboff\u00bb global_colors_info=\u00bb{}\u00bb][et_pb_row _builder_version=\u00bb4.24.0&#8243; _module_preset=\u00bbdefault\u00bb global_colors_info=\u00bb{}\u00bb][et_pb_column type=\u00bb4_4&#8243; _builder_version=\u00bb4.24.0&#8243; _module_preset=\u00bbdefault\u00bb global_colors_info=\u00bb{}\u00bb][et_pb_text _builder_version=\u00bb4.27.4&#8243; _module_preset=\u00bbdefault\u00bb text_font=\u00bbMontserrat||||||||\u00bb text_text_color=\u00bb#000059&#8243; text_font_size=\u00bb35px\u00bb text_orientation=\u00bbcenter\u00bb text_font_size_tablet=\u00bb35px\u00bb text_font_size_phone=\u00bb26px\u00bb text_font_size_last_edited=\u00bbon|phone\u00bb text_line_height_tablet=\u00bb\u00bb text_line_height_phone=\u00bb1em\u00bb text_line_height_last_edited=\u00bbon|phone\u00bb locked=\u00bboff\u00bb global_colors_info=\u00bb{}\u00bb]<\/p>\n<p><strong>Pol\u00edtica de PCI DSS<\/strong><\/p>\n<p>[\/et_pb_text][\/et_pb_column][\/et_pb_row][et_pb_row _builder_version=\u00bb4.24.0&#8243; _module_preset=\u00bbdefault\u00bb global_colors_info=\u00bb{}\u00bb][et_pb_column type=\u00bb4_4&#8243; _builder_version=\u00bb4.24.0&#8243; _module_preset=\u00bbdefault\u00bb global_colors_info=\u00bb{}\u00bb][et_pb_text _builder_version=\u00bb4.27.4&#8243; _module_preset=\u00bbdefault\u00bb text_font=\u00bbMontserrat|300|||||||\u00bb text_text_color=\u00bb#000000&#8243; text_font_size=\u00bb16px\u00bb header_2_font=\u00bbMontserrat||||||||\u00bb header_2_text_color=\u00bb#184059&#8243; header_2_font_size_tablet=\u00bb\u00bb header_2_font_size_phone=\u00bb16px\u00bb header_2_font_size_last_edited=\u00bbon|phone\u00bb global_colors_info=\u00bb{}\u00bb]<\/p>\n<p><strong>Pol\u00edtica de Seguridad de Datos del Titular de Tarjetas (PCI DSS)<\/strong><br \/>En Pixeles Estrategias Digitales, con P.IVA 01806530083 y sede en Via Tre Fontane 2, Sanremo, Italia, nos comprometemos a proteger la informaci\u00f3n sensible de nuestros clientes. Para garantizar la seguridad de todas las transacciones realizadas en nuestro sitio web, www.shop.pixelesagencia.com, utilizamos la pasarela de pagos de <strong>PayPal<\/strong>, un proveedor de servicios de pago que cumple con los m\u00e1s altos est\u00e1ndares de seguridad.<\/p>\n<p>1. Objetivo de la Pol\u00edtica<br \/>Nuestro principal objetivo es proteger los datos de pago de nuestros clientes. Al procesar las transacciones a trav\u00e9s de PayPal, aseguramos que la informaci\u00f3n de la tarjeta de cr\u00e9dito se maneje en un entorno seguro y confiable, sin que dichos datos sean almacenados, procesados o transmitidos en nuestros propios servidores.<\/p>\n<p>2. Alcance<br \/>Esta pol\u00edtica se aplica a todo nuestro personal, sistemas y procesos relacionados con la gesti\u00f3n de pagos. Es importante destacar que, dado que las transacciones se realizan directamente en la plataforma de PayPal, no tenemos acceso a la informaci\u00f3n confidencial de las tarjetas de cr\u00e9dito de nuestros clientes.<\/p>\n<p>3. Compromiso con la Seguridad y la Confidencialidad<br \/>Delegaci\u00f3n de la seguridad: Delegamos la responsabilidad de la seguridad de los datos del titular de la tarjeta en PayPal, que es una de las plataformas de pago m\u00e1s seguras del mundo y cuenta con la certificaci\u00f3n PCI DSS. Esto significa que la protecci\u00f3n de los datos de tu tarjeta es gestionada por expertos en seguridad.<\/p>\n<p>No almacenamiento de datos: En ning\u00fan momento Pixeles Estrategias Digitales almacena o tiene acceso a los n\u00fameros de tarjeta de cr\u00e9dito, c\u00f3digos de seguridad (CVV) u otra informaci\u00f3n sensible de pago. Todos los datos se introducen directamente en el entorno seguro de PayPal.<\/p>\n<p>Conexi\u00f3n segura: Todas las transacciones se realizan a trav\u00e9s de una conexi\u00f3n cifrada (SSL\/TLS), garantizando que la comunicaci\u00f3n entre tu navegador y la plataforma de PayPal sea completamente segura.<\/p>\n<p>4. Responsabilidades<br \/>Pixeles Estrategias Digitales se asegura de que la integraci\u00f3n con la pasarela de PayPal se realice de manera segura y conforme a las mejores pr\u00e1cticas.<\/p>\n<p>Todo nuestro personal est\u00e1 capacitado para dirigir a los clientes a la plataforma segura de PayPal y para no solicitar ni manejar datos de tarjetas de pago.<\/p>\n<p>PayPal es el responsable de la seguridad de la informaci\u00f3n del titular de la tarjeta, cumpliendo con todos los requisitos del est\u00e1ndar PCI DSS.<\/p>\n<p>5. Contacto<br \/>Para cualquier pregunta o inquietud relacionada con la seguridad de los pagos, puedes contactarnos a trav\u00e9s de nuestro sitio web www.shop.pixelesagencia.com.<\/p>\n<p>[\/et_pb_text][et_pb_image src=\u00bbhttps:\/\/shop.pixelesagencia.com\/wp-content\/uploads\/2025\/08\/assurance_card-min.png\u00bb _builder_version=\u00bb4.27.4&#8243; _module_preset=\u00bbdefault\u00bb alt=\u00bbEstado de validaci\u00f3n seg\u00fan las PCI DSS:<br \/>\nValidaci\u00f3n PCI DSS: Validado hasta el 03\/18\/2026<br \/>\nEstado de an\u00e1lisis de PCI DSS:<br \/>\n\u00daltimo an\u00e1lisis de cumplimiento con ASV 03\/17\/2025&#8243; title_text=\u00bbassurance_card-min\u00bb align=\u00bbcenter\u00bb width=\u00bb34%\u00bb hover_enabled=\u00bb0&#8243; sticky_enabled=\u00bb0&#8243; width_last_edited=\u00bbon|phone\u00bb width_tablet=\u00bb45%\u00bb width_phone=\u00bb60%\u00bb][\/et_pb_image][et_pb_code _builder_version=\u00bb4.27.4&#8243; _module_preset=\u00bbdefault\u00bb hover_enabled=\u00bb0&#8243; sticky_enabled=\u00bb0&#8243;]<script src=\"https:\/\/produs-ccs-assurancecard-service.sgsonline.net\/assurancecard\/be8e7fbc4499573fe32b3bff8971a50ab2efccd00811aad68958689387d27756\/cardJs\" type=\"text\/javascript\"><\/script>[\/et_pb_code][\/et_pb_column][\/et_pb_row][\/et_pb_section]<\/p>\n","protected":false},"excerpt":{"rendered":"<p>Pol\u00edtica de PCI DSSPol\u00edtica de Seguridad de Datos del Titular de Tarjetas (PCI DSS)En Pixeles Estrategias Digitales, con P.IVA 01806530083 y sede en Via Tre Fontane 2, Sanremo, Italia, nos comprometemos a proteger la informaci\u00f3n sensible de nuestros clientes. Para garantizar la seguridad de todas las transacciones realizadas en nuestro sitio web, www.shop.pixelesagencia.com, utilizamos la [&hellip;]<\/p>\n","protected":false},"author":1,"featured_media":0,"parent":0,"menu_order":0,"comment_status":"closed","ping_status":"closed","template":"","meta":{"_et_pb_use_builder":"on","_et_pb_old_content":"<!-- wp:divi\/placeholder \/-->","_et_gb_content_width":"","footnotes":""},"class_list":["post-597","page","type-page","status-publish","hentry"],"_links":{"self":[{"href":"https:\/\/shop.pixelesagencia.com\/en\/wp-json\/wp\/v2\/pages\/597","targetHints":{"allow":["GET"]}}],"collection":[{"href":"https:\/\/shop.pixelesagencia.com\/en\/wp-json\/wp\/v2\/pages"}],"about":[{"href":"https:\/\/shop.pixelesagencia.com\/en\/wp-json\/wp\/v2\/types\/page"}],"author":[{"embeddable":true,"href":"https:\/\/shop.pixelesagencia.com\/en\/wp-json\/wp\/v2\/users\/1"}],"replies":[{"embeddable":true,"href":"https:\/\/shop.pixelesagencia.com\/en\/wp-json\/wp\/v2\/comments?post=597"}],"version-history":[{"count":5,"href":"https:\/\/shop.pixelesagencia.com\/en\/wp-json\/wp\/v2\/pages\/597\/revisions"}],"predecessor-version":[{"id":620,"href":"https:\/\/shop.pixelesagencia.com\/en\/wp-json\/wp\/v2\/pages\/597\/revisions\/620"}],"wp:attachment":[{"href":"https:\/\/shop.pixelesagencia.com\/en\/wp-json\/wp\/v2\/media?parent=597"}],"curies":[{"name":"wp","href":"https:\/\/api.w.org\/{rel}","templated":true}]}}